{"id":501,"date":"2020-08-27T15:47:43","date_gmt":"2020-08-27T13:47:43","guid":{"rendered":"http:\/\/fitness2.mythemecloud.io\/?page_id=501"},"modified":"2022-02-23T08:23:46","modified_gmt":"2022-02-23T07:23:46","slug":"programs","status":"publish","type":"page","link":"https:\/\/www.espir.fr\/index.php\/programs\/","title":{"rendered":"Yoga du rire"},"content":{"rendered":"<p>[et_pb_section fb_built=&#8221;1&#8243; _builder_version=&#8221;4.14.7&#8243; _module_preset=&#8221;default&#8221; use_background_color_gradient=&#8221;on&#8221; background_color_gradient_start=&#8221;rgba(255,255,255,0.31)&#8221; background_color_gradient_end=&#8221;rgba(0,0,0,0.74)&#8221; background_color_gradient_overlays_image=&#8221;on&#8221; background_image=&#8221;https:\/\/www.espir.fr\/wp-content\/uploads\/2022\/02\/AdobeStock_298781417-scaled.jpeg&#8221; custom_padding=&#8221;||102px|||&#8221; global_colors_info=&#8221;{}&#8221;][et_pb_row _builder_version=&#8221;4.14.7&#8243; _module_preset=&#8221;default&#8221; global_colors_info=&#8221;{}&#8221;][et_pb_column type=&#8221;4_4&#8243; _builder_version=&#8221;4.14.7&#8243; _module_preset=&#8221;default&#8221; global_colors_info=&#8221;{}&#8221;][et_pb_text _builder_version=&#8221;4.14.7&#8243; _module_preset=&#8221;default&#8221; header_font=&#8221;ZCOOL XiaoWei||||||||&#8221; header_font_size=&#8221;80px&#8221; header_font_size_tablet=&#8221;80px&#8221; header_font_size_phone=&#8221;51px&#8221; header_font_size_last_edited=&#8221;on|phone&#8221; global_colors_info=&#8221;{}&#8221;]<\/p>\n<h1 style=\"text-align: center;\"><span style=\"color: #ffffff;\">Le yoga du rire<\/span><\/h1>\n<p>[\/et_pb_text][\/et_pb_column][\/et_pb_row][\/et_pb_section][et_pb_section fb_built=&#8221;1&#8243; admin_label=&#8221;Details&#8221; _builder_version=&#8221;4.4.7&#8243; global_colors_info=&#8221;{}&#8221;][et_pb_row column_structure=&#8221;3_5,2_5&#8243; _builder_version=&#8221;4.4.7&#8243; global_colors_info=&#8221;{}&#8221;][et_pb_column type=&#8221;3_5&#8243; _builder_version=&#8221;4.4.7&#8243; global_colors_info=&#8221;{}&#8221;][et_pb_image src=&#8221;https:\/\/www.espir.fr\/wp-content\/uploads\/2022\/02\/AdobeStock_231496134-scaled.jpeg&#8221; title_text=&#8221;Indian woman laughing eating pizza with diverse coworkers in off&#8221; _builder_version=&#8221;4.14.7&#8243; _module_preset=&#8221;default&#8221; global_colors_info=&#8221;{}&#8221;][\/et_pb_image][\/et_pb_column][et_pb_column type=&#8221;2_5&#8243; _builder_version=&#8221;4.4.7&#8243; global_colors_info=&#8221;{}&#8221;][et_pb_text _builder_version=&#8221;4.14.7&#8243; text_font=&#8221;||||||||&#8221; text_font_size=&#8221;16px&#8221; text_line_height=&#8221;1.8em&#8221; text_font_size_tablet=&#8221;&#8221; text_font_size_phone=&#8221;14px&#8221; text_font_size_last_edited=&#8221;on|phone&#8221; locked=&#8221;off&#8221; global_colors_info=&#8221;{}&#8221;]<\/p>\n<div class=\"page\" title=\"Page 3\">\n<div class=\"section\">\n<div class=\"layoutArea\">\n<div class=\"column\">\n<p><span>Le yoga du rire est un exercice o\u00f9 on c<\/span><span>hoisit de rire ensemble <\/span><span>et de partager cette <\/span><span>joie communicative <\/span><span>dans la <\/span><span>bienveillance <\/span><span>et la tol\u00e9rance. La pratique du yoga du rire a des effets profonds et durables sur le corps, les \u00e9motions et le mental.\u00a0<\/span><\/p>\n<p><span>Le rire comme le sport contribue \u00e0 la lib\u00e9ration d\u2019endorphines (hormones du bonheur) qui favorisent un \u00e9<\/span><span>tat de rel\u00e2chement profond, <\/span><span>un \u00e9tat d\u2019esprit positif et par cons\u00e9quent un meilleur sommeil<\/span><span>, une am\u00e9lioration de la concentration <\/span><span>et <\/span><span>de prises de d\u00e9cisions.<\/span><\/p>\n<p>&nbsp;<\/p>\n<\/div>\n<\/div>\n<\/div>\n<\/div>\n<p>[\/et_pb_text][\/et_pb_column][\/et_pb_row][et_pb_row _builder_version=&#8221;4.14.7&#8243; _module_preset=&#8221;default&#8221; global_colors_info=&#8221;{}&#8221;][et_pb_column type=&#8221;4_4&#8243; _builder_version=&#8221;4.14.7&#8243; _module_preset=&#8221;default&#8221; global_colors_info=&#8221;{}&#8221;][et_pb_text _builder_version=&#8221;4.14.7&#8243; _module_preset=&#8221;default&#8221; text_font_size=&#8221;21px&#8221; global_colors_info=&#8221;{}&#8221;]<\/p>\n<p style=\"text-align: center;\"><strong>Les s\u00e9ances d&#8217;environ d&#8217;1 heure sont constitu\u00e9es d\u2019un \u00e9chauffement ludique, d\u2019exercices de rire et de respirations suivi d\u2019une relaxation guide\u0301e et un e\u0301change des ressentis.<\/strong><\/p>\n<p>[\/et_pb_text][\/et_pb_column][\/et_pb_row][\/et_pb_section][et_pb_section fb_built=&#8221;1&#8243; _builder_version=&#8221;4.14.7&#8243; _module_preset=&#8221;default&#8221; global_colors_info=&#8221;{}&#8221;][et_pb_row column_structure=&#8221;1_3,1_3,1_3&#8243; _builder_version=&#8221;4.14.7&#8243; _module_preset=&#8221;default&#8221; custom_padding=&#8221;5px|||||&#8221; global_colors_info=&#8221;{}&#8221;][et_pb_column type=&#8221;1_3&#8243; _builder_version=&#8221;4.14.7&#8243; _module_preset=&#8221;default&#8221; global_colors_info=&#8221;{}&#8221;][et_pb_text _builder_version=&#8221;4.14.7&#8243; _module_preset=&#8221;default&#8221; text_font_size=&#8221;16px&#8221; global_colors_info=&#8221;{}&#8221;]<\/p>\n<div class=\"page\" title=\"Page 4\">\n<div class=\"section\">\n<div class=\"layoutArea\">\n<div class=\"column\">\n<h1 style=\"text-align: center;\"><strong><span style=\"color: #b07502;\">Pour les entreprises<\/span><\/strong><\/h1>\n<p style=\"text-align: center;\">\n<p style=\"text-align: center;\"><strong>S\u00e9ance d\u00e9couverte (30 minutes ou 1 heure)<\/strong><\/p>\n<p style=\"text-align: center;\"><strong>S\u00e9ances r\u00e9guli\u00e8res<\/strong><\/p>\n<p style=\"text-align: center;\"><strong>Ev\u00e9nement, s\u00e9minaire, f\u00eate de fin d\u2019ann\u00e9e, afterwork ou soir\u00e9e de lancement<\/strong><\/p>\n<p style=\"text-align: center;\"><strong>Demi-journ\u00e9e ou journ\u00e9e incluant s\u00e9ance de Yoga du rire et ateliers de sophrologie<\/strong><\/p>\n<p style=\"text-align: center;\"><span style=\"color: #000080;\">\u00a0Je propose des offres sur-mesure et j\u2019adapte le format des s\u00e9ances en fonction des besoins.<\/span><\/p>\n<\/div>\n<\/div>\n<\/div>\n<\/div>\n<p>[\/et_pb_text][\/et_pb_column][et_pb_column type=&#8221;1_3&#8243; _builder_version=&#8221;4.14.7&#8243; _module_preset=&#8221;default&#8221; global_colors_info=&#8221;{}&#8221;][et_pb_image src=&#8221;https:\/\/www.espir.fr\/wp-content\/uploads\/2022\/02\/Capture-decran-2022-02-23-a-08.17.05.png&#8221; _builder_version=&#8221;4.14.7&#8243; _module_preset=&#8221;default&#8221; hover_enabled=&#8221;0&#8243; global_colors_info=&#8221;{}&#8221; title_text=&#8221;Capture d\u2019\u00e9cran 2022-02-23 \u00e0 08.17.05&#8243; sticky_enabled=&#8221;0&#8243;][\/et_pb_image][\/et_pb_column][et_pb_column type=&#8221;1_3&#8243; _builder_version=&#8221;4.14.7&#8243; _module_preset=&#8221;default&#8221; global_colors_info=&#8221;{}&#8221;][et_pb_text _builder_version=&#8221;4.14.7&#8243; _module_preset=&#8221;default&#8221; text_font_size=&#8221;16px&#8221; global_colors_info=&#8221;{}&#8221;]<\/p>\n<h1><strong><span style=\"color: #b07502;\">Le saviez-vous ?<\/span><\/strong><\/h1>\n<p><span><\/span><\/p>\n<p><span>Le<\/span><span> <\/span><span>rire<\/span><span> <\/span><span>a<\/span><span> <\/span><span>de<\/span><span> <\/span><span>nombreuses<\/span><span> <\/span><span>vertus,<\/span><span> <\/span><span>comparables<\/span><span> <\/span><span>\u00e0<\/span><span> <\/span><span>la<\/span><span> <\/span><span>m\u00e9ditation<\/span><span> <\/span><span>et<\/span><span> <\/span><span>la<\/span><span> <\/span><span>pleine<\/span><span> <\/span><span>conscience,<\/span><span> <\/span><span>avec<\/span><span> <\/span><span>une<\/span><span> <\/span><span>simplicit\u00e9\u00a0<\/span><span>d\u2019acc\u00e8s.<\/span><span> <\/span><\/p>\n<p><span>Pas <\/span><span>besoin<\/span><span> <\/span><span>de<\/span><span> r\u00e9fl\u00e9chir,<\/span><span> <\/span><span>de<\/span><span> <\/span><span>se <\/span><span>concentrer,<\/span><span> <\/span><span>il <\/span><span>suffit<\/span><span> <\/span><span>\u00a0juste de l\u00e2cher prise<\/span><span>.<\/span><\/p>\n<p><strong>Les m\u00e9decins recommandent 10 \u00e0 15 minutes de rire par jour pour \u00eatre en bonne sant\u00e9.<\/strong><\/p>\n<p>[\/et_pb_text][\/et_pb_column][\/et_pb_row][\/et_pb_section]<\/p>\n","protected":false},"excerpt":{"rendered":"<p>Le yoga du rire Le yoga du rire est un exercice o\u00f9 on choisit de rire ensemble et de partager cette joie communicative dans la bienveillance et la tol\u00e9rance. La pratique du yoga du rire a des effets profonds et durables sur le corps, les \u00e9motions et le mental.\u00a0 Le rire comme le sport contribue [&hellip;]<\/p>\n","protected":false},"author":1,"featured_media":0,"parent":0,"menu_order":0,"comment_status":"closed","ping_status":"closed","template":"","meta":{"_et_pb_use_builder":"on","_et_pb_old_content":"<img width=\"1024\" height=\"493\" src=\"https:\/\/www.espir.fr\/wp-content\/uploads\/2021\/07\/Site-YOGA-DU-RIRE-1024x493.png\" alt=\"\" loading=\"lazy\" srcset=\"https:\/\/www.espir.fr\/wp-content\/uploads\/2021\/07\/Site-YOGA-DU-RIRE-1024x493.png 1024w, https:\/\/www.espir.fr\/wp-content\/uploads\/2021\/07\/Site-YOGA-DU-RIRE-300x144.png 300w, https:\/\/www.espir.fr\/wp-content\/uploads\/2021\/07\/Site-YOGA-DU-RIRE-768x370.png 768w, https:\/\/www.espir.fr\/wp-content\/uploads\/2021\/07\/Site-YOGA-DU-RIRE.png 1350w\" sizes=\"(max-width: 1024px) 100vw, 1024px\">\n<h2>Le yoga du rire<\/h2>\n<h4>Cr\u00e9\u00e9 par le Dr Kataria, le yoga du rire est un exercice o\u00f9 on c<strong>hoisit de rire ensemble<\/strong> et de partager cette <strong>joie communicative<\/strong> dans la <strong>bienveillance<\/strong> et la tol\u00e9rance. La pratique du yoga du rire a des effets profonds et durables sur le corps, les \u00e9motions et le mental.<\/h4>\n<h4>Les profondes respirations abdominales du rire engendrent un effet<strong> anti-stress<\/strong> imm\u00e9diat par l\u2019activation de notre syst\u00e8me parasympathique. Le rire comme le sport contribue \u00e0 la lib\u00e9ration d\u2019endorphines (hormones du bonheur) qui favorisent un <strong>\u00e9tat de rel\u00e2chement profond,<\/strong> un \u00e9tat d\u2019esprit positif et &nbsp;par cons\u00e9quent un meilleur sommeil<strong>,<\/strong> <strong>une am\u00e9lioration de la concentration<\/strong> et <strong>de prises de d\u00e9cisions.<\/strong><\/h4>\n<h4>Les s\u00e9ances d\u2019une heure sont g\u00e9n\u00e9ralement constitu\u00e9es d\u2019un \u00e9chauffement ludique, d\u2019exercices de rire et de respirations suivi d\u2019une relaxation guid\u00e9e et un \u00e9change des ressentis.<\/h4>\n<h2>Le yoga du rire en entreprise<\/h2>\n<h4>Quoi de mieux que le rire <strong>pour connecter les personnes entre elles<\/strong> dans un esprit positif et coop\u00e9ratif leur permettant de <strong>mieux travailler ensemble<\/strong>.<\/h4>\n<h4>Le yoga du rire a le pouvoir de <strong>booster la coh\u00e9sion<\/strong> d'\u00e9quipe en seulement une s\u00e9ance dans le cadre de s\u00e9minaires, de pr\u00e9sentation de nouveaux collaborateurs ou tout simplement apr\u00e8s un projet stressant.&nbsp; Le <strong>l\u00e2cher pris<\/strong>e par le rire lib\u00e8re les retenues du cadre pro et contribue \u00e0 cr\u00e9er des liens entre les participants. Ce lien perdure g\u00e9n\u00e9ralement dans les relations de travail <strong>facilitant ainsi les relations interservices<\/strong>.<\/h4>","_et_gb_content_width":"","footnotes":""},"_links":{"self":[{"href":"https:\/\/www.espir.fr\/index.php\/wp-json\/wp\/v2\/pages\/501"}],"collection":[{"href":"https:\/\/www.espir.fr\/index.php\/wp-json\/wp\/v2\/pages"}],"about":[{"href":"https:\/\/www.espir.fr\/index.php\/wp-json\/wp\/v2\/types\/page"}],"author":[{"embeddable":true,"href":"https:\/\/www.espir.fr\/index.php\/wp-json\/wp\/v2\/users\/1"}],"replies":[{"embeddable":true,"href":"https:\/\/www.espir.fr\/index.php\/wp-json\/wp\/v2\/comments?post=501"}],"version-history":[{"count":22,"href":"https:\/\/www.espir.fr\/index.php\/wp-json\/wp\/v2\/pages\/501\/revisions"}],"predecessor-version":[{"id":1817,"href":"https:\/\/www.espir.fr\/index.php\/wp-json\/wp\/v2\/pages\/501\/revisions\/1817"}],"wp:attachment":[{"href":"https:\/\/www.espir.fr\/index.php\/wp-json\/wp\/v2\/media?parent=501"}],"curies":[{"name":"wp","href":"https:\/\/api.w.org\/{rel}","templated":true}]}}